{"id":2755,"date":"2023-07-05T02:36:03","date_gmt":"2023-07-05T01:36:03","guid":{"rendered":"http:\/\/nmo.matf.bg.ac.rs\/?page_id=2755"},"modified":"2023-07-05T07:43:40","modified_gmt":"2023-07-05T06:43:40","slug":"forma-za-alumnije","status":"publish","type":"page","link":"https:\/\/nmo.matf.bg.ac.rs\/en\/forma-za-alumnije\/","title":{"rendered":"Forma za alumnije"},"content":{"rendered":"\n<div class=\"wp-block-group\"><div class=\"wp-block-group__inner-container is-layout-constrained wp-block-group-is-layout-constrained\">\n<p>\u017delja nam je da budu\u0107im studentima predstavimo iskustva i savete nekada\u0161njih studenata na\u0161eg smera. Stoga nam je potrebna Va\u0161a pomo\u0107. Va\u0161a iskustva mo\u017eete zapisati u okviru kratkog teksta(do deset re\u010denica) i prilo\u017eiti u okviru forme koja se nalazi na dnu ove stranice.<\/p>\n\n\n\n<p>Kao smernicu smo pripremili nekoliko kratkih pitanja koja bi mogla da Vam pomognu da sastavite tekst. Nije neophodno da odgovoriti na sva pitanja. \u010cak je dobro odabrati samo ona za koja mislite da mo\u017eete dati sa\u017eet, a istovremeno sveobuhvatan odgovor. Tekst organizujte po \u017eelji, ne morate pratiti redosled pitanja.<\/p>\n\n\n\n<ul class=\"wp-block-list\">\n<li>Za\u0161to mislite da mladi treba da se studiraju Matf? <\/li>\n\n\n\n<li>Za\u0161to mislite da je smer Primenjena matematika dobar izbor? <\/li>\n\n\n\n<li>\u010cime se bavite? <\/li>\n\n\n\n<li>Opi\u0161ite prirodu posla koji radite. <\/li>\n\n\n\n<li>Za\u0161to je Va\u0161a oblast interesovanja zanimlijva budu\u0107im studentima? <\/li>\n\n\n\n<li>\u0160ta radite u slobodno vreme? <\/li>\n\n\n\n<li>Napi\u0161ite o svom nau\u010dnom radu, nagradama i uspesima.<\/li>\n\n\n\n<li>Koje je Va\u0161e najzanimljivije iskustvo sa Matemati\u010dkom fakultetu?<\/li>\n<\/ul>\n<\/div><\/div>\n\n\n<div class=\"strong-view strong-form strong-view-id-4 default-form wpmtst-default-form\" data-state=\"idle\"><div class=\"strong-form-wait\" data-formid=\"1\"><div class=\"message\"><img decoding=\"async\" src=\"https:\/\/nmo.matf.bg.ac.rs\/wp-content\/plugins\/strong-testimonials\/assets\/public\/svg\/spinner-solid.svg\" alt=\"Strong Testimonials form submission spinner.\"><\/div><\/div><div class=\"wpmtst-form wpmtst-form-id-1\"><div class=\"strong-form-inner\"><p class=\"required-notice\"><span class=\"required symbol\"><\/span>Neophodno polje\t\t<\/p><form class=\"wpmtst-submission-form\" method=\"post\" enctype=\"multipart\/form-data\" autocomplete=\"off\" data-config=\"{&quot;scroll&quot;:{&quot;onError&quot;:true,&quot;onErrorOffset&quot;:80,&quot;onSuccess&quot;:true,&quot;onSuccessOffset&quot;:80},&quot;fields&quot;:[{&quot;name&quot;:&quot;client_name&quot;,&quot;type&quot;:&quot;text&quot;,&quot;required&quot;:1},{&quot;name&quot;:&quot;email&quot;,&quot;type&quot;:&quot;email&quot;,&quot;required&quot;:1},{&quot;name&quot;:&quot;company_name&quot;,&quot;type&quot;:&quot;text&quot;,&quot;required&quot;:0},{&quot;name&quot;:&quot;post_content&quot;,&quot;type&quot;:&quot;textarea&quot;,&quot;required&quot;:1},{&quot;name&quot;:&quot;featured_image&quot;,&quot;type&quot;:&quot;file&quot;,&quot;required&quot;:0}]}\" data-formid = \"1\"><div style=\"display: none;\"><input type=\"hidden\" id=\"wpmtst_form_nonce\" name=\"wpmtst_form_nonce\" value=\"777a4713e0\" \/><input type=\"hidden\" name=\"_wp_http_referer\" value=\"\/en\/wp-json\/wp\/v2\/pages\/2755\" \/><input type=\"hidden\" name=\"action\" value=\"wpmtst_form\"><input type=\"hidden\" name=\"form_id\" value=\"1\"><input type=\"hidden\" name=\"default_category\" value=\"\"><input type=\"hidden\" name=\"view_id\" value=\"4\"><input type=\"hidden\" name=\"category\" value=\"\"><\/div><div class=\"form-field field-client_name\"><label for=\"wpmtst_client_name\" class=\"field-client_name\">Ime i prezime<\/label><span class=\"required symbol\"><\/span><input id=\"wpmtst_client_name\" type=\"text\" class=\"text\" name=\"client_name\"  value=\"\" placeholder=\"\"   required tabindex=\"0\"><span class=\"after\"><\/span><\/div><div class=\"form-field field-email\"><label for=\"wpmtst_email\" class=\"field-email\">Email<\/label><span class=\"required symbol\"><\/span><input id=\"wpmtst_email\" type=\"email\" class=\"text email\" name=\"email\"  value=\"\" placeholder=\"\"   required tabindex=\"0\"><span class=\"after\">Email adresa ne\u0107e biti prikazana.<\/span><\/div><div class=\"form-field field-company_name\"><label for=\"wpmtst_company_name\" class=\"field-company_name\">Ime kompanije<\/label><input id=\"wpmtst_company_name\" type=\"text\" class=\"text\" name=\"company_name\"  value=\"\" placeholder=\"\"   tabindex=\"0\"><span class=\"after\">Ime kompanije ili ustanove u kojoj ste zaposleni.<\/span><\/div><div class=\"form-field field-post_content\"><label for=\"wpmtst_post_content\" class=\"field-post_content\">Tekst za budu\u0107e studente<\/label><span class=\"required symbol\"><\/span><textarea id=\"wpmtst_post_content\" name=\"post_content\" class=\"textarea\"  required placeholder=\"\"  tabindex=\"0\"><\/textarea><span class=\"after\"><\/span><\/div><div class=\"form-field field-featured_image\"><label for=\"wpmtst_featured_image\" class=\"field-featured_image\">Va\u0161a fotografija<\/label><div class=\"field-wrap\"><input id=\"wpmtst_featured_image\" type=\"file\" name=\"featured_image\" tabindex=\"0\"><\/div><span class=\"after\">Da li \u017eelite da postavite Va\u0161u fotografiju?<\/span><\/div><div class=\"form-field wpmtst-submit\"><label><input type=\"submit\" class=\"wpmtst_submit_testimonial\" name=\"wpmtst_submit_testimonial\" value=\"Po\u0161alji tekst\" class=\"button\" tabindex=\"0\"><\/label><\/div><\/form><\/div><\/div><\/div>\n","protected":false},"excerpt":{"rendered":"<p>\u017delja nam je da budu\u0107im studentima predstavimo iskustva i savete nekada\u0161njih studenata na\u0161eg smera. Stoga nam je potrebna Va\u0161a pomo\u0107. Va\u0161a iskustva mo\u017eete zapisati u okviru kratkog teksta(do deset re\u010denica) i prilo\u017eiti u okviru forme koja se nalazi na dnu ove stranice. Kao smernicu smo pripremili nekoliko kratkih pitanja koja bi mogla da Vam pomognu &hellip; <a href=\"https:\/\/nmo.matf.bg.ac.rs\/en\/forma-za-alumnije\/\" class=\"more-link\">Continue reading <span class=\"screen-reader-text\">Forma za alumnije<\/span><\/a><\/p>","protected":false},"author":3,"featured_media":0,"parent":0,"menu_order":0,"comment_status":"closed","ping_status":"closed","template":"","meta":{"footnotes":""},"tags":[],"class_list":["post-2755","page","type-page","status-publish","hentry","no-featured-image"],"jetpack_sharing_enabled":true,"_links":{"self":[{"href":"https:\/\/nmo.matf.bg.ac.rs\/en\/wp-json\/wp\/v2\/pages\/2755","targetHints":{"allow":["GET"]}}],"collection":[{"href":"https:\/\/nmo.matf.bg.ac.rs\/en\/wp-json\/wp\/v2\/pages"}],"about":[{"href":"https:\/\/nmo.matf.bg.ac.rs\/en\/wp-json\/wp\/v2\/types\/page"}],"author":[{"embeddable":true,"href":"https:\/\/nmo.matf.bg.ac.rs\/en\/wp-json\/wp\/v2\/users\/3"}],"replies":[{"embeddable":true,"href":"https:\/\/nmo.matf.bg.ac.rs\/en\/wp-json\/wp\/v2\/comments?post=2755"}],"version-history":[{"count":4,"href":"https:\/\/nmo.matf.bg.ac.rs\/en\/wp-json\/wp\/v2\/pages\/2755\/revisions"}],"predecessor-version":[{"id":2759,"href":"https:\/\/nmo.matf.bg.ac.rs\/en\/wp-json\/wp\/v2\/pages\/2755\/revisions\/2759"}],"wp:attachment":[{"href":"https:\/\/nmo.matf.bg.ac.rs\/en\/wp-json\/wp\/v2\/media?parent=2755"}],"wp:term":[{"taxonomy":"post_tag","embeddable":true,"href":"https:\/\/nmo.matf.bg.ac.rs\/en\/wp-json\/wp\/v2\/tags?post=2755"}],"curies":[{"name":"wp","href":"https:\/\/api.w.org\/{rel}","templated":true}]}}