{"id":2298,"date":"2023-01-27T10:08:59","date_gmt":"2023-01-27T09:08:59","guid":{"rendered":"http:\/\/nmo.matf.bg.ac.rs\/?page_id=2298"},"modified":"2023-02-01T01:27:48","modified_gmt":"2023-02-01T00:27:48","slug":"osnovne-studije","status":"publish","type":"page","link":"https:\/\/nmo.matf.bg.ac.rs\/en\/osnovne-studije\/","title":{"rendered":"Undergraduate Studies"},"content":{"rendered":"<p>The basic academic study of the Applied Mathematics module lasts 4 years (8 semesters) and includes 240 ESPB credits. Upon completion of this programme, the professional title of graduate mathematician is earned. <\/p>\n\n\n\n<p>You can view the list of compulsory courses by semester and the list of elective courses grouped into blocks for the current accreditation period:<\/p>\n\n\n\n<div class=\"wp-block-group\"><div class=\"wp-block-group__inner-container is-layout-flow wp-block-group-is-layout-flow\">\n<ul class=\"wp-block-list\">\n<li><a href=\"http:\/\/nmo.matf.bg.ac.rs\/wp-content\/uploads\/2023\/02\/Modul-PM-osnovne-eng.pdf\" data-type=\"URL\" data-id=\"http:\/\/nmo.matf.bg.ac.rs\/wp-content\/uploads\/2023\/02\/Modul-PM-osnovne-srb.pdf\" target=\"_blank\" rel=\"noreferrer noopener\">Study plan<\/a><\/li>\n<\/ul>\n<\/div><\/div>\n\n\n\n<p><\/p>","protected":false},"excerpt":{"rendered":"<p>Osnovne akademske studije Modula primenjena matematika traju 4 godine (8 semestara) i imaju obim od 240 ESPB bodova. Nakon zavr\u0161etka ovih studija sti\u010de se stru\u010dni naziv Diplomirani matemati\u010dar. Spisak obaveznih kurseva po semestrima i spisak izbornih kurseva grupisanih u blokove za teku\u0107i akreditacioni period mo\u017eete pogledati na:<\/p>","protected":false},"author":4,"featured_media":0,"parent":0,"menu_order":0,"comment_status":"closed","ping_status":"closed","template":"","meta":{"footnotes":""},"tags":[],"class_list":["post-2298","page","type-page","status-publish","hentry","no-featured-image"],"jetpack_sharing_enabled":true,"_links":{"self":[{"href":"https:\/\/nmo.matf.bg.ac.rs\/en\/wp-json\/wp\/v2\/pages\/2298","targetHints":{"allow":["GET"]}}],"collection":[{"href":"https:\/\/nmo.matf.bg.ac.rs\/en\/wp-json\/wp\/v2\/pages"}],"about":[{"href":"https:\/\/nmo.matf.bg.ac.rs\/en\/wp-json\/wp\/v2\/types\/page"}],"author":[{"embeddable":true,"href":"https:\/\/nmo.matf.bg.ac.rs\/en\/wp-json\/wp\/v2\/users\/4"}],"replies":[{"embeddable":true,"href":"https:\/\/nmo.matf.bg.ac.rs\/en\/wp-json\/wp\/v2\/comments?post=2298"}],"version-history":[{"count":15,"href":"https:\/\/nmo.matf.bg.ac.rs\/en\/wp-json\/wp\/v2\/pages\/2298\/revisions"}],"predecessor-version":[{"id":2695,"href":"https:\/\/nmo.matf.bg.ac.rs\/en\/wp-json\/wp\/v2\/pages\/2298\/revisions\/2695"}],"wp:attachment":[{"href":"https:\/\/nmo.matf.bg.ac.rs\/en\/wp-json\/wp\/v2\/media?parent=2298"}],"wp:term":[{"taxonomy":"post_tag","embeddable":true,"href":"https:\/\/nmo.matf.bg.ac.rs\/en\/wp-json\/wp\/v2\/tags?post=2298"}],"curies":[{"name":"wp","href":"https:\/\/api.w.org\/{rel}","templated":true}]}}