{"id":2287,"date":"2023-01-27T09:57:28","date_gmt":"2023-01-27T08:57:28","guid":{"rendered":"http:\/\/nmo.matf.bg.ac.rs\/?page_id=2287"},"modified":"2023-01-31T03:53:04","modified_gmt":"2023-01-31T02:53:04","slug":"seminari-i-konferencije","status":"publish","type":"page","link":"https:\/\/nmo.matf.bg.ac.rs\/en\/seminari-i-konferencije\/","title":{"rendered":"Seminars and Conferences"},"content":{"rendered":"<p>The Department of Numerical Mathematics and Optimization is one of the organizers of two scientific conferences and one seminar.<\/p>\n\n\n\n<p class=\"has-medium-font-size\"><strong><a href=\"http:\/\/symopis2021.matf.bg.ac.rs\/\" target=\"_blank\" rel=\"noreferrer noopener\">SYM-OP-IS<\/a><\/strong><\/p>\n\n\n\n<p>Since 2000, the Department has participated in the organization of the International Symposium on Operational Research SYM-OP-IS. It is a symposium with a long tradition, which has been held since 1974 and initially had a national character. In 2017, it received the official status of an international scientific meeting from the Ministry of Education, Science and Technological Development. <\/p>\n\n\n\n<p>In cooperation with the Institute of Mathematics SANU, the Department of Numerical Mathematics and Optimization was the main organizer of <a href=\"http:\/\/symopis2021.matf.bg.ac.rs\/index.php?page=home\" target=\"_blank\" rel=\"noreferrer noopener\">SYM-OP-IS<\/a>in 2021, which was held in Banja Kovilja\u010da from September 20 to 23 and attracted 278 participants from 8 countries. 117 papers were presented in 27 sections and 29 program areas.&nbsp;<\/p>\n\n\n<div class=\"wp-block-image\">\n<figure class=\"aligncenter size-large is-resized\"><img loading=\"lazy\" decoding=\"async\" src=\"http:\/\/nmo.matf.bg.ac.rs\/wp-content\/uploads\/2022\/02\/symopis-1024x706.jpg\" alt=\"\" class=\"wp-image-1465\" width=\"490\" height=\"337\" srcset=\"https:\/\/nmo.matf.bg.ac.rs\/wp-content\/uploads\/2022\/02\/symopis-1024x706.jpg 1024w, https:\/\/nmo.matf.bg.ac.rs\/wp-content\/uploads\/2022\/02\/symopis-300x207.jpg 300w, https:\/\/nmo.matf.bg.ac.rs\/wp-content\/uploads\/2022\/02\/symopis-768x529.jpg 768w, https:\/\/nmo.matf.bg.ac.rs\/wp-content\/uploads\/2022\/02\/symopis-1536x1058.jpg 1536w, https:\/\/nmo.matf.bg.ac.rs\/wp-content\/uploads\/2022\/02\/symopis-2048x1411.jpg 2048w, https:\/\/nmo.matf.bg.ac.rs\/wp-content\/uploads\/2022\/02\/symopis-1080x744.jpg 1080w, https:\/\/nmo.matf.bg.ac.rs\/wp-content\/uploads\/2022\/02\/symopis-scaled.jpg 1920w\" sizes=\"auto, (max-width: 490px) 100vw, 490px\" \/><figcaption class=\"wp-element-caption\">dr Zorica Dra\u017ei\u0107, prof. dr Milan Dra\u017ei\u0107, prof. dr Zorica Stanimirovi\u0107, Kristina Kosti\u0107 and Jelena Tasi\u0107 at <a href=\"http:\/\/symopis2021.matf.bg.ac.rs\/index.php?page=home\" target=\"_blank\" rel=\"noreferrer noopener\">SYM-OP-IS<\/a>in 2021. <\/figcaption><\/figure>\n<\/div>\n\n\n<p> The list of program areas includes a special section on the VNS method and its applications, dedicated to the 45 years of scientific work of Professor Nenad Mladenovi\u0107, PhD, and his 70th birthday. The SYMOPIS Charter, which recognizes researchers for their contributions to the development of operational research in Serbia, was awarded to Professor Dragan Uro\u0161evi\u0107, PhD.<\/p>\n\n\n\n<p class=\"has-medium-font-size\"><a href=\"http:\/\/alas.matf.bg.ac.rs\/~konferencija\/index.ht\"> <strong>Simpozijum<\/strong> \u201e<strong>Symposium \"Mathematics and Applications\"<\/strong>\u201c<\/a><\/p>\n\n\n\n<div class=\"wp-block-group\"><div class=\"wp-block-group__inner-container is-layout-flow wp-block-group-is-layout-flow\">\n<p>Since 2010, the Faculty of Mathematics and the Association of Serbian Mathematicians have organized the \"Mathematics and Applications\" Symposium, a national meeting with international participation. The symposium is held in three sections:<\/p>\n\n\n\n<ul class=\"wp-block-list\">\n<li>Mathematics and applications - today <\/li>\n\n\n\n<li>Mathematics and computer science in education<\/li>\n\n\n\n<li>Scientific research and professional work of students<\/li>\n<\/ul>\n<\/div><\/div>\n\n\n\n<p>The meeting traditionally has a large attendance, and members of the Numerical Mathematics and Optimization Division are part of the organizing and program committees and regularly present their work there.<\/p>\n\n\n\n<p class=\"has-medium-font-size\"><strong><a href=\"http:\/\/www.mi.sanu.ac.rs\/novi_sajt\/research\/seminars\/computerScienceAppliedMathematics.php\">Computer Science and Applied Mathematics Seminar<\/a><\/strong><\/p>\n\n\n\n<p>In the 1980s, the department maintained a Numerical Mathematics Seminar. Today, members of the Department actively participate in the work of the Seminar of Informatics and Applied Mathematics of the Institute of Mathematics of the Serbian Academy of Sciences (headed by Prof. Dr. Vera Kova\u010devi\u0107-Vuj\u010di\u0107 and Prof. Dr. Milan Dra\u017ei\u0107).<\/p>\n\n\n\n<p>The Seminar of Applied Mathematics was established in 1973 as one of the first seminars of the Institute of Mathematics in Belgrade. Since 2012, it has changed its name to Seminar of Computer Science and Applied Mathematics. From the very beginning, one of the main goals of the seminar was to promote interaction between mathematics and other sciences and to bring together mathematicians with researchers from other related disciplines. Interaction between researchers from academic institutions and industry was also one of the goals. The seminar sessions were devoted both to the presentation of new scientific results and to the description of real problems requiring mathematics and methods for their solution. Various topics were covered, including numerical analysis and its applications, mathematical programming, calculus of variations, optimal control, graph theory with applications, astronomy and astrophysics, metaheuristics, computer science, artificial intelligence, machine learning, etc. Prominent scientists from home and abroad accepted the invitation and presented their results at the seminar.<\/p>\n\n\n\n<p>Since 1995, the seminar has been organized in cooperation with the Faculty of Organizational Sciences. The Seminar of Computer Science and Applied Mathematics meets regularly once a week on Tuesdays at 2:15 p.m. from October to May. <\/p>","protected":false},"excerpt":{"rendered":"<p>Katedra za numeri\u010dku matematiku i optimizaciju je jedan od organizatora dva nau\u010dna skupa i jednog seminara. SYM-OP-IS Od 2000. godine Katedra u\u010destvuje u organizaciji me\u0111unarodnog Simpozijuma o operacionim istra\u017eivanjima SYM-OP-IS. Re\u010d je o simpozijumu sa dugom tradicijom, koji se odr\u017eava od 1974. godine i na po\u010detku je imao nacionalni karakter. Zvani\u010dan status me\u0111unarodnog nau\u010dnog skupa &hellip; <a href=\"https:\/\/nmo.matf.bg.ac.rs\/en\/seminari-i-konferencije\/\" class=\"more-link\">Continue reading <span class=\"screen-reader-text\">Seminars and Conferences<\/span><\/a><\/p>","protected":false},"author":4,"featured_media":0,"parent":0,"menu_order":0,"comment_status":"closed","ping_status":"closed","template":"","meta":{"footnotes":""},"tags":[],"class_list":["post-2287","page","type-page","status-publish","hentry","no-featured-image"],"jetpack_sharing_enabled":true,"_links":{"self":[{"href":"https:\/\/nmo.matf.bg.ac.rs\/en\/wp-json\/wp\/v2\/pages\/2287","targetHints":{"allow":["GET"]}}],"collection":[{"href":"https:\/\/nmo.matf.bg.ac.rs\/en\/wp-json\/wp\/v2\/pages"}],"about":[{"href":"https:\/\/nmo.matf.bg.ac.rs\/en\/wp-json\/wp\/v2\/types\/page"}],"author":[{"embeddable":true,"href":"https:\/\/nmo.matf.bg.ac.rs\/en\/wp-json\/wp\/v2\/users\/4"}],"replies":[{"embeddable":true,"href":"https:\/\/nmo.matf.bg.ac.rs\/en\/wp-json\/wp\/v2\/comments?post=2287"}],"version-history":[{"count":5,"href":"https:\/\/nmo.matf.bg.ac.rs\/en\/wp-json\/wp\/v2\/pages\/2287\/revisions"}],"predecessor-version":[{"id":2661,"href":"https:\/\/nmo.matf.bg.ac.rs\/en\/wp-json\/wp\/v2\/pages\/2287\/revisions\/2661"}],"wp:attachment":[{"href":"https:\/\/nmo.matf.bg.ac.rs\/en\/wp-json\/wp\/v2\/media?parent=2287"}],"wp:term":[{"taxonomy":"post_tag","embeddable":true,"href":"https:\/\/nmo.matf.bg.ac.rs\/en\/wp-json\/wp\/v2\/tags?post=2287"}],"curies":[{"name":"wp","href":"https:\/\/api.w.org\/{rel}","templated":true}]}}