{"id":2272,"date":"2023-01-27T09:41:29","date_gmt":"2023-01-27T08:41:29","guid":{"rendered":"http:\/\/nmo.matf.bg.ac.rs\/?page_id=2272"},"modified":"2023-02-01T01:10:56","modified_gmt":"2023-02-01T00:10:56","slug":"master-studije","status":"publish","type":"page","link":"https:\/\/nmo.matf.bg.ac.rs\/en\/master-studije\/","title":{"rendered":"Master Degree Studies"},"content":{"rendered":"<div class=\"wp-block-group\"><div class=\"wp-block-group__inner-container is-layout-constrained wp-block-group-is-layout-constrained\">\n<p>The Master's programme of the Applied Mathematics module lasts one year (2 semesters) and is worth 60 ECTS credits. Upon completion of the Master's programme, the academic title of Master Mathematician is acquired.<\/p>\n\n\n\n<ul class=\"wp-block-list\">\n<li><a href=\"http:\/\/nmo.matf.bg.ac.rs\/wp-content\/uploads\/2023\/02\/Modul-PM-master-eng.pdf\" data-type=\"URL\" data-id=\"http:\/\/nmo.matf.bg.ac.rs\/wp-content\/uploads\/2023\/02\/Modul-PM-master-srb.pdf\" target=\"_blank\" rel=\"noreferrer noopener\">Study plan<\/a><\/li>\n\n\n\n<li><a href=\"#procedura-za-prijavu-teme-za-master-rad\">Procedure for submitting a topic for a master's thesis<\/a><\/li>\n\n\n\n<li><a href=\"#izrada-zavrsnog-master-rada\">Preparation of the final master's thesis<\/a><\/li>\n<\/ul>\n<\/div><\/div>\n\n\n\n<div class=\"wp-block-group\"><div class=\"wp-block-group__inner-container is-layout-constrained wp-block-group-is-layout-constrained\"><\/div><\/div>\n\n\n\n<div class=\"wp-block-group\"><div class=\"wp-block-group__inner-container is-layout-constrained wp-block-group-is-layout-constrained\">\n<h3 class=\"wp-block-heading\" id=\"procedura-za-prijavu-teme-za-master-rad\">Procedure for submitting a topic for a master's thesis<\/h3>\n\n\n\n<ol class=\"wp-block-list\">\n<li>The candidate, in consultation with the mentor, fills out the topic application form for <a href=\"http:\/\/www.math.rs\/m\/146\/odobrene-teme-master-radova\/\" target=\"_blank\" rel=\"noreferrer noopener\">Master thesis<\/a> (in LaTeX or Word form) and submits it to the mentor by e-mail (he does not yet fill out the application on Hypatia).<\/li>\n\n\n\n<li>The supervisor sends electronically (in PDF format) to the Department of Numerical Mathematics and Optimization the proposal of the topic and the proposal of the defense committee, having first obtained the approval of the members of the committee.<\/li>\n\n\n\n<li>If there are no objections or comments that cannot be readily accepted (and the proposal is corrected), the mentor communicates the comments to the candidate for the final form of the proposal. The candidate prepares the final topic proposal and sends it to the mentor for review. <\/li>\n\n\n\n<li>Upon receiving mentor approval of the final topic proposal, the candidate submits the proposal electronically through Hypatia (it is best to submit the final PDF document directly).<\/li>\n\n\n\n<li>The Head of the Department of Numerical Mathematics and Optimization, after consulting with the mentor who verifies that an agreed-upon topic proposal has been submitted, approves the topic proposal via Hypatia. The proposal thus prepared goes to the Faculty Committee, which decides on the suitability of topics for Master's theses, and then (if accepted) to the Council for Teaching and Research (NNV). NNV meetings are usually held once a month, and the proposal must be approved at least two weeks before the NNV meeting.<\/li>\n<\/ol>\n<\/div><\/div>\n\n\n\n<div class=\"wp-block-group\"><div class=\"wp-block-group__inner-container is-layout-constrained wp-block-group-is-layout-constrained\">\n<h3 class=\"wp-block-heading\" id=\"izrada-zavrsnog-master-rada\">Preparation of the final master's thesis<\/h3>\n\n\n\n<p>The candidate writes the thesis in accordance with the instructions for writing the thesis prescribed by the University of Belgrade, which can be found at<a rel=\"noreferrer noopener\" href=\"https:\/\/bg.ac.rs\/files\/sr\/studije\/studije-uni\/Uputstvo-izrada-master-rad.pdf\" target=\"_blank\"> this <\/a>page.<\/p>\n<\/div><\/div>","protected":false},"excerpt":{"rendered":"<p>Master akademske studije Modula primenjena matematika traju godinu dana (2 semestra) i imaju obim od 60 ESPB bodova. Nakon zavr\u0161etka Master akademskih studija sti\u010de se akademski naziv Master matemati\u010dar. Procedura za prijavu teme za master rad Izrada zavr\u0161nog master rada Zavr\u0161ni master rad kandidat pi\u0161e po\u0161tuju\u0107i Upustvo za izradu zavr\u0161nog (master) rada propisanog od strane &hellip; <a href=\"https:\/\/nmo.matf.bg.ac.rs\/en\/master-studije\/\" class=\"more-link\">Continue reading <span class=\"screen-reader-text\">Master Degree Studies<\/span><\/a><\/p>","protected":false},"author":4,"featured_media":0,"parent":0,"menu_order":0,"comment_status":"closed","ping_status":"closed","template":"","meta":{"footnotes":""},"tags":[],"class_list":["post-2272","page","type-page","status-publish","hentry","no-featured-image"],"jetpack_sharing_enabled":true,"_links":{"self":[{"href":"https:\/\/nmo.matf.bg.ac.rs\/en\/wp-json\/wp\/v2\/pages\/2272","targetHints":{"allow":["GET"]}}],"collection":[{"href":"https:\/\/nmo.matf.bg.ac.rs\/en\/wp-json\/wp\/v2\/pages"}],"about":[{"href":"https:\/\/nmo.matf.bg.ac.rs\/en\/wp-json\/wp\/v2\/types\/page"}],"author":[{"embeddable":true,"href":"https:\/\/nmo.matf.bg.ac.rs\/en\/wp-json\/wp\/v2\/users\/4"}],"replies":[{"embeddable":true,"href":"https:\/\/nmo.matf.bg.ac.rs\/en\/wp-json\/wp\/v2\/comments?post=2272"}],"version-history":[{"count":17,"href":"https:\/\/nmo.matf.bg.ac.rs\/en\/wp-json\/wp\/v2\/pages\/2272\/revisions"}],"predecessor-version":[{"id":2690,"href":"https:\/\/nmo.matf.bg.ac.rs\/en\/wp-json\/wp\/v2\/pages\/2272\/revisions\/2690"}],"wp:attachment":[{"href":"https:\/\/nmo.matf.bg.ac.rs\/en\/wp-json\/wp\/v2\/media?parent=2272"}],"wp:term":[{"taxonomy":"post_tag","embeddable":true,"href":"https:\/\/nmo.matf.bg.ac.rs\/en\/wp-json\/wp\/v2\/tags?post=2272"}],"curies":[{"name":"wp","href":"https:\/\/api.w.org\/{rel}","templated":true}]}}