{"id":2266,"date":"2023-01-28T23:13:46","date_gmt":"2023-01-28T22:13:46","guid":{"rendered":"http:\/\/nmo.matf.bg.ac.rs\/?page_id=2266"},"modified":"2025-12-03T13:03:04","modified_gmt":"2025-12-03T12:03:04","slug":"clanovi-katedre","status":"publish","type":"page","link":"https:\/\/nmo.matf.bg.ac.rs\/en\/clanovi-katedre\/","title":{"rendered":"Members"},"content":{"rendered":"<p><strong>Full professors:<\/strong><\/p>\n\n\n\n<div class=\"wp-block-columns is-layout-flex wp-container-core-columns-is-layout-9d6595d7 wp-block-columns-is-layout-flex\">\n<div class=\"wp-block-column is-layout-flow wp-block-column-is-layout-flow\"><div class=\"wp-block-image\">\n<figure class=\"aligncenter size-full\"><img loading=\"lazy\" decoding=\"async\" width=\"150\" height=\"200\" src=\"http:\/\/nmo.matf.bg.ac.rs\/wp-content\/uploads\/2022\/02\/ZStanic150200-2.jpg\" alt=\"\" class=\"wp-image-1655\"\/><figcaption class=\"wp-element-caption\"><a href=\"http:\/\/old.matf.bg.ac.rs\/p\/-zoran-stanic\" target=\"_blank\" rel=\"noreferrer noopener\">Dr. Zoran Stani\u0107<\/a><\/figcaption><\/figure>\n<\/div><\/div>\n\n\n\n<div class=\"wp-block-column is-layout-flow wp-block-column-is-layout-flow\"><div class=\"wp-block-image\">\n<figure class=\"aligncenter size-full\"><img loading=\"lazy\" decoding=\"async\" width=\"150\" height=\"200\" src=\"http:\/\/nmo.matf.bg.ac.rs\/wp-content\/uploads\/2022\/02\/ZStanimirovic150200-1.jpg\" alt=\"\" class=\"wp-image-1657\"\/><figcaption class=\"wp-element-caption\"><a href=\"http:\/\/old.matf.bg.ac.rs\/p\/zoricast\/pocetna\/\" target=\"_blank\" rel=\"noreferrer noopener\">dr Zorica Stanimirovi\u0107<\/a>          Head of the Department<\/figcaption><\/figure>\n<\/div><\/div>\n\n\n\n<div class=\"wp-block-column is-layout-flow wp-block-column-is-layout-flow\"><div class=\"wp-block-image\">\n<figure class=\"aligncenter size-full\"><img loading=\"lazy\" decoding=\"async\" width=\"150\" height=\"200\" src=\"http:\/\/nmo.matf.bg.ac.rs\/wp-content\/uploads\/2022\/02\/ASavic2150200.jpg\" alt=\"\" class=\"wp-image-1658\"\/><figcaption class=\"wp-element-caption\"><a href=\"https:\/\/poincare.matf.bg.ac.rs\/~aleksandar.savic\/\" data-type=\"link\" data-id=\"https:\/\/poincare.matf.bg.ac.rs\/~aleksandar.savic\/\" target=\"_blank\" rel=\"noreferrer noopener\">dr Aleksandar Savi\u0107<\/a><\/figcaption><\/figure>\n<\/div><\/div>\n<\/div>\n\n\n\n<div class=\"wp-block-group is-nowrap is-layout-flex wp-container-core-group-is-layout-ad2f72ca wp-block-group-is-layout-flex\"><\/div>\n\n\n\n<p><strong>Associate professors:<\/strong><\/p>\n\n\n\n<div class=\"wp-block-columns has-background is-layout-flex wp-container-core-columns-is-layout-9d6595d7 wp-block-columns-is-layout-flex\" style=\"background:linear-gradient(135deg,rgba(7,146,227,0.03) 0%,rgba(155,81,224,0) 100%)\">\n<div class=\"wp-block-column is-layout-flow wp-block-column-is-layout-flow\"><div class=\"wp-block-image\">\n<figure class=\"aligncenter size-full\"><img loading=\"lazy\" decoding=\"async\" width=\"150\" height=\"199\" src=\"http:\/\/nmo.matf.bg.ac.rs\/wp-content\/uploads\/2022\/02\/SZivanovic150200.png\" alt=\"\" class=\"wp-image-1640\"\/><figcaption class=\"wp-element-caption\"><a href=\"http:\/\/www.matf.bg.ac.rs\/p\/sandra-hodzic\/pocetna\/\" target=\"_blank\" rel=\"noreferrer noopener\">dr Sandra \u017divanovi\u0107<\/a><\/figcaption><\/figure>\n<\/div><\/div>\n\n\n\n<div class=\"wp-block-column is-layout-flow wp-block-column-is-layout-flow\"><div class=\"wp-block-image\">\n<figure class=\"aligncenter size-full\"><img loading=\"lazy\" decoding=\"async\" width=\"150\" height=\"200\" src=\"http:\/\/nmo.matf.bg.ac.rs\/wp-content\/uploads\/2022\/02\/ZDrazic150200.jpg\" alt=\"\" class=\"wp-image-1714\"\/><figcaption class=\"wp-element-caption\"><a href=\"http:\/\/poincare.matf.bg.ac.rs\/~zorica.drazic\/\" target=\"_blank\" rel=\"noreferrer noopener\">dr Zorica Dra\u017ei\u0107<\/a><\/figcaption><\/figure>\n<\/div><\/div>\n\n\n\n<div class=\"wp-block-column is-layout-flow wp-block-column-is-layout-flow\"><div class=\"wp-block-image\">\n<figure class=\"aligncenter size-full\"><img loading=\"lazy\" decoding=\"async\" width=\"150\" height=\"199\" src=\"http:\/\/nmo.matf.bg.ac.rs\/wp-content\/uploads\/2022\/02\/ADelic150200.jpg\" alt=\"\" class=\"wp-image-1777\"\/><figcaption class=\"wp-element-caption\"><a href=\"http:\/\/www.matf.bg.ac.rs\/p\/aleksandra-delic\/pocetna\/\" target=\"_blank\" rel=\"noreferrer noopener\">dr Aleksandra Deli\u0107<\/a><\/figcaption><\/figure>\n<\/div><\/div>\n<\/div>\n\n\n\n<p><strong>Assistant professors:<\/strong><\/p>\n\n\n\n<div class=\"wp-block-columns has-background is-layout-flex wp-container-core-columns-is-layout-9d6595d7 wp-block-columns-is-layout-flex\" style=\"background:linear-gradient(135deg,rgba(7,146,227,0.03) 0%,rgba(155,81,224,0) 100%)\">\n<div class=\"wp-block-column is-layout-flow wp-block-column-is-layout-flow\"><div class=\"wp-block-image\">\n<figure class=\"aligncenter size-full\"><img loading=\"lazy\" decoding=\"async\" width=\"150\" height=\"200\" src=\"http:\/\/nmo.matf.bg.ac.rs\/wp-content\/uploads\/2022\/02\/ajovic150200.jpg\" alt=\"\" class=\"wp-image-1634\"\/><figcaption class=\"wp-element-caption\"><a href=\"http:\/\/poincare.matf.bg.ac.rs\/~ajovic\/\" target=\"_blank\" rel=\"noreferrer noopener\">dr Aleksandar Jovi\u0107<\/a><\/figcaption><\/figure>\n<\/div><\/div>\n<\/div>\n\n\n\n<p><strong>Teaching assistants:<\/strong><\/p>\n\n\n\n<div class=\"wp-block-columns is-layout-flex wp-container-core-columns-is-layout-9d6595d7 wp-block-columns-is-layout-flex\">\n<div class=\"wp-block-column is-layout-flow wp-block-column-is-layout-flow\"><div class=\"wp-block-image\">\n<figure class=\"aligncenter size-full\"><img loading=\"lazy\" decoding=\"async\" width=\"150\" height=\"200\" src=\"http:\/\/nmo.matf.bg.ac.rs\/wp-content\/uploads\/2022\/02\/JelenaTasic150200.png\" alt=\"\" class=\"wp-image-1635\"\/><figcaption class=\"wp-element-caption\"><a href=\"http:\/\/old.matf.bg.ac.rs\/p\/jelena\/nastava\/\" target=\"_blank\" rel=\"noreferrer noopener\">Jelena Tasi\u0107<\/a><\/figcaption><\/figure>\n<\/div><\/div>\n\n\n\n<div class=\"wp-block-column is-layout-flow wp-block-column-is-layout-flow\"><div class=\"wp-block-image\">\n<figure class=\"aligncenter size-full\"><img loading=\"lazy\" decoding=\"async\" width=\"150\" height=\"200\" src=\"http:\/\/nmo.matf.bg.ac.rs\/wp-content\/uploads\/2022\/02\/KKostic150200.png\" alt=\"\" class=\"wp-image-1636\"\/><figcaption class=\"wp-element-caption\"><a href=\"http:\/\/old.matf.bg.ac.rs\/p\/-kristina-ivanovic\" target=\"_blank\" rel=\"noreferrer noopener\">Kristina Ivanovi\u0107<\/a><\/figcaption><\/figure>\n<\/div><\/div>\n\n\n\n<div class=\"wp-block-column is-layout-flow wp-block-column-is-layout-flow\"><div class=\"wp-block-image\">\n<figure class=\"aligncenter size-full is-resized\"><img loading=\"lazy\" decoding=\"async\" width=\"413\" height=\"531\" src=\"http:\/\/nmo.matf.bg.ac.rs\/wp-content\/uploads\/2023\/10\/SlikaBogoje.jpg\" alt=\"\" class=\"wp-image-2957\" style=\"aspect-ratio:0.7777721824957196;width:154px;height:auto\" srcset=\"https:\/\/nmo.matf.bg.ac.rs\/wp-content\/uploads\/2023\/10\/SlikaBogoje.jpg 413w, https:\/\/nmo.matf.bg.ac.rs\/wp-content\/uploads\/2023\/10\/SlikaBogoje-233x300.jpg 233w, https:\/\/nmo.matf.bg.ac.rs\/wp-content\/uploads\/2023\/10\/SlikaBogoje-9x12.jpg 9w\" sizes=\"auto, (max-width: 413px) 100vw, 413px\" \/><figcaption class=\"wp-element-caption\"><a href=\"http:\/\/old.matf.bg.ac.rs\/p\/dusan_bogojevic\/pocetna\/\" target=\"_blank\" rel=\"noreferrer noopener\">Du\u0161an Bogojevi\u0107<\/a><\/figcaption><\/figure>\n<\/div><\/div>\n<\/div>\n\n\n\n<p><strong>Teaching associates<\/strong><\/p>\n\n\n\n<div class=\"wp-block-columns is-layout-flex wp-container-core-columns-is-layout-9d6595d7 wp-block-columns-is-layout-flex\">\n<div class=\"wp-block-column is-layout-flow wp-block-column-is-layout-flow\"><div class=\"wp-block-image\">\n<figure class=\"aligncenter size-full is-resized\"><img loading=\"lazy\" decoding=\"async\" width=\"450\" height=\"600\" src=\"http:\/\/nmo.matf.bg.ac.rs\/wp-content\/uploads\/2024\/12\/slika-1.jpg\" alt=\"\" class=\"wp-image-3200\" style=\"aspect-ratio:0.75001598772143;width:147px;height:auto\" srcset=\"https:\/\/nmo.matf.bg.ac.rs\/wp-content\/uploads\/2024\/12\/slika-1.jpg 450w, https:\/\/nmo.matf.bg.ac.rs\/wp-content\/uploads\/2024\/12\/slika-1-225x300.jpg 225w, https:\/\/nmo.matf.bg.ac.rs\/wp-content\/uploads\/2024\/12\/slika-1-9x12.jpg 9w\" sizes=\"auto, (max-width: 450px) 100vw, 450px\" \/><figcaption class=\"wp-element-caption\"><a href=\"http:\/\/old.matf.bg.ac.rs\/p\/jovana-kostic\/pocetna\/\" target=\"_blank\" rel=\"noreferrer noopener\">Jovana Kosti\u0107<\/a><\/figcaption><\/figure>\n<\/div><\/div>\n\n\n\n<div class=\"wp-block-column is-layout-flow wp-block-column-is-layout-flow\"><div class=\"wp-block-image\">\n<figure class=\"aligncenter size-large is-resized\"><img loading=\"lazy\" decoding=\"async\" width=\"1024\" height=\"1024\" src=\"http:\/\/nmo.matf.bg.ac.rs\/wp-content\/uploads\/2024\/12\/IMG-20241208-WA0001-1-1024x1024.jpg\" alt=\"\" class=\"wp-image-3201\" style=\"width:196px;height:auto\" srcset=\"https:\/\/nmo.matf.bg.ac.rs\/wp-content\/uploads\/2024\/12\/IMG-20241208-WA0001-1-1024x1024.jpg 1024w, https:\/\/nmo.matf.bg.ac.rs\/wp-content\/uploads\/2024\/12\/IMG-20241208-WA0001-1-300x300.jpg 300w, https:\/\/nmo.matf.bg.ac.rs\/wp-content\/uploads\/2024\/12\/IMG-20241208-WA0001-1-150x150.jpg 150w, https:\/\/nmo.matf.bg.ac.rs\/wp-content\/uploads\/2024\/12\/IMG-20241208-WA0001-1-768x768.jpg 768w, https:\/\/nmo.matf.bg.ac.rs\/wp-content\/uploads\/2024\/12\/IMG-20241208-WA0001-1-1536x1536.jpg 1536w, https:\/\/nmo.matf.bg.ac.rs\/wp-content\/uploads\/2024\/12\/IMG-20241208-WA0001-1-12x12.jpg 12w, https:\/\/nmo.matf.bg.ac.rs\/wp-content\/uploads\/2024\/12\/IMG-20241208-WA0001-1-75x75.jpg 75w, https:\/\/nmo.matf.bg.ac.rs\/wp-content\/uploads\/2024\/12\/IMG-20241208-WA0001-1-1080x1080.jpg 1080w, https:\/\/nmo.matf.bg.ac.rs\/wp-content\/uploads\/2024\/12\/IMG-20241208-WA0001-1.jpg 2048w\" sizes=\"auto, (max-width: 1024px) 100vw, 1024px\" \/><figcaption class=\"wp-element-caption\"><a href=\"http:\/\/old.matf.bg.ac.rs\/p\/damjan-stankovic\/nastava\/\" target=\"_blank\" rel=\"noreferrer noopener\">Damjan Stankovi\u0107<\/a><\/figcaption><\/figure>\n<\/div>\n\n\n<p><\/p>\n<\/div>\n<\/div>\n\n\n\n<h3 class=\"wp-block-heading\" id=\"bivsi-clanovi-katedre-1\">Former members of the department and retired colleagues<\/h3>\n\n\n\n<ul class=\"wp-block-list\">\n<li><a rel=\"noreferrer noopener\" href=\"http:\/\/poincare.matf.bg.ac.rs\/~bosko\/\" target=\"_blank\">prof. dr Bo\u0161ko Jovanovi\u0107<\/a><\/li>\n\n\n\n<li><a rel=\"noreferrer noopener\" href=\"http:\/\/poincare.matf.bg.ac.rs\/~dradun\/\" target=\"_blank\">prof. dr Desanka Radunovi\u0107<\/a><\/li>\n\n\n\n<li><a rel=\"noreferrer noopener\" href=\"http:\/\/poincare.matf.bg.ac.rs\/~vjankovic\/\" target=\"_blank\">prof. dr Vladimir Jankovi\u0107<\/a><\/li>\n\n\n\n<li><a rel=\"noreferrer noopener\" href=\"http:\/\/poincare.matf.bg.ac.rs\/~dugosija\/\" target=\"_blank\">prof. dr \u0110or\u0111e Dugo\u0161ija<\/a><\/li>\n\n\n\n<li><a href=\"https:\/\/poincare.matf.bg.ac.rs\/~mdrazic\/\" data-type=\"link\" data-id=\"https:\/\/poincare.matf.bg.ac.rs\/~mdrazic\/\">prof. dr Milan Dra\u017ei\u0107<\/a><\/li>\n\n\n\n<li><a href=\"http:\/\/www.matf.bg.ac.rs\/files\/Zolic.pdf\" target=\"_blank\" rel=\"noreferrer noopener\">dr Arif Zoli\u0107<\/a><\/li>\n\n\n\n<li><a rel=\"noreferrer noopener\" href=\"http:\/\/people.maths.ox.ac.uk\/suli\/\" target=\"_blank\">prof. dr Endre S\u00fcli<\/a><\/li>\n\n\n\n<li><a rel=\"noreferrer noopener\" href=\"https:\/\/newark.osu.edu\/assets\/newark\/uploads\/Publications\/Profiles_OSU_Sum2012.pdf\" target=\"_blank\">prof. dr Miroslav A\u0161i\u0107<\/a><\/li>\n\n\n\n<li><a rel=\"noreferrer noopener\" href=\"http:\/\/www.matf.bg.ac.rs\/files\/KonstantinOrlov.pdf\" target=\"_blank\">prof. dr Konstantin Orlov<\/a><\/li>\n\n\n\n<li><a rel=\"noreferrer noopener\" href=\"http:\/\/www.math.rs\/files\/Milorad_Bertolino.pdf\" target=\"_blank\">prof. dr Milorad Bertolino<\/a><\/li>\n\n\n\n<li><a rel=\"noreferrer noopener\" href=\"http:\/\/www.matf.bg.ac.rs\/files\/Lj_Protic_15_01_2017_Cir.pdf\" target=\"_blank\">prof. dr Ljubomir Proti\u0107<\/a><\/li>\n\n\n\n<li><a href=\"http:\/\/linkedin.com\/in\/marija-ivanovic-42584082\/\" data-type=\"URL\" data-id=\"linkedin.com\/in\/marija-ivanovic-42584082\/\">dr Marija Ivanovi\u0107<\/a><\/li>\n\n\n\n<li><a rel=\"noreferrer noopener\" href=\"https:\/\/www.linkedin.com\/in\/lav-ivanovic-4184b86\/\" target=\"_blank\">dr Lav Ivanovi\u0107<\/a><\/li>\n\n\n\n<li><a rel=\"noreferrer noopener\" href=\"https:\/\/www.linkedin.com\/in\/kostict\/\" target=\"_blank\">Tijana Kosti\u0107<\/a><\/li>\n\n\n\n<li><a rel=\"noreferrer noopener\" href=\"https:\/\/www.linkedin.com\/in\/raca-todosijevic-11540243\/\" target=\"_blank\">dr Raca Todosijevi\u0107<\/a><\/li>\n\n\n\n<li><a rel=\"noreferrer noopener\" href=\"https:\/\/www.linkedin.com\/in\/aidazolic\/\" target=\"_blank\">Aida Zoli\u0107<\/a><\/li>\n\n\n\n<li>Du\u0161an Milosavljevi\u0107<\/li>\n<\/ul>","protected":false},"excerpt":{"rendered":"<p>Redovni profesori: Vanredni profesori: Docenti: Asistenti: Saradnici u nastavi: Nekada\u0161nji \u010dlanovi katedre i kolege u penziji<\/p>","protected":false},"author":4,"featured_media":0,"parent":0,"menu_order":0,"comment_status":"closed","ping_status":"closed","template":"","meta":{"footnotes":""},"tags":[],"class_list":["post-2266","page","type-page","status-publish","hentry","no-featured-image"],"jetpack_sharing_enabled":true,"_links":{"self":[{"href":"https:\/\/nmo.matf.bg.ac.rs\/en\/wp-json\/wp\/v2\/pages\/2266","targetHints":{"allow":["GET"]}}],"collection":[{"href":"https:\/\/nmo.matf.bg.ac.rs\/en\/wp-json\/wp\/v2\/pages"}],"about":[{"href":"https:\/\/nmo.matf.bg.ac.rs\/en\/wp-json\/wp\/v2\/types\/page"}],"author":[{"embeddable":true,"href":"https:\/\/nmo.matf.bg.ac.rs\/en\/wp-json\/wp\/v2\/users\/4"}],"replies":[{"embeddable":true,"href":"https:\/\/nmo.matf.bg.ac.rs\/en\/wp-json\/wp\/v2\/comments?post=2266"}],"version-history":[{"count":30,"href":"https:\/\/nmo.matf.bg.ac.rs\/en\/wp-json\/wp\/v2\/pages\/2266\/revisions"}],"predecessor-version":[{"id":3393,"href":"https:\/\/nmo.matf.bg.ac.rs\/en\/wp-json\/wp\/v2\/pages\/2266\/revisions\/3393"}],"wp:attachment":[{"href":"https:\/\/nmo.matf.bg.ac.rs\/en\/wp-json\/wp\/v2\/media?parent=2266"}],"wp:term":[{"taxonomy":"post_tag","embeddable":true,"href":"https:\/\/nmo.matf.bg.ac.rs\/en\/wp-json\/wp\/v2\/tags?post=2266"}],"curies":[{"name":"wp","href":"https:\/\/api.w.org\/{rel}","templated":true}]}}