{"id":2260,"date":"2023-01-27T01:27:04","date_gmt":"2023-01-27T00:27:04","guid":{"rendered":"http:\/\/nmo.matf.bg.ac.rs\/?page_id=2260"},"modified":"2023-01-29T00:42:14","modified_gmt":"2023-01-28T23:42:14","slug":"doktorske-studije","status":"publish","type":"page","link":"https:\/\/nmo.matf.bg.ac.rs\/en\/doktorske-studije\/","title":{"rendered":"PhD Studies"},"content":{"rendered":"<p>The doctoral program of the Mathematics program lasts 3 years (6 semesters) and has a total of 180 ECTS credits. Upon completion of the doctoral program, the scientific title of Doctor of Natural Sciences - Mathematical Sciences is acquired. You can find more information at <a rel=\"noreferrer noopener\" href=\"http:\/\/www.matf.bg.ac.rs\/m\/99\/doktor-matematika\/\" target=\"_blank\">this<\/a> page.<\/p>","protected":false},"excerpt":{"rendered":"<p>Doktorske studije studijskog programa Matematika traju 3 godine (6 semestara) i imaju obim od 180 ESPB bodova. Nakon zavr\u0161etka Doktorskih studija sti\u010de se nau\u010dni naziv Doktor nauka &#8211; matemati\u010dke nauke. Vi\u0161e o tome se mo\u017ee na\u0107i na ovoj stranici.<\/p>","protected":false},"author":3,"featured_media":0,"parent":0,"menu_order":0,"comment_status":"closed","ping_status":"closed","template":"","meta":{"footnotes":""},"tags":[],"class_list":["post-2260","page","type-page","status-publish","hentry","no-featured-image"],"jetpack_sharing_enabled":true,"_links":{"self":[{"href":"https:\/\/nmo.matf.bg.ac.rs\/en\/wp-json\/wp\/v2\/pages\/2260","targetHints":{"allow":["GET"]}}],"collection":[{"href":"https:\/\/nmo.matf.bg.ac.rs\/en\/wp-json\/wp\/v2\/pages"}],"about":[{"href":"https:\/\/nmo.matf.bg.ac.rs\/en\/wp-json\/wp\/v2\/types\/page"}],"author":[{"embeddable":true,"href":"https:\/\/nmo.matf.bg.ac.rs\/en\/wp-json\/wp\/v2\/users\/3"}],"replies":[{"embeddable":true,"href":"https:\/\/nmo.matf.bg.ac.rs\/en\/wp-json\/wp\/v2\/comments?post=2260"}],"version-history":[{"count":3,"href":"https:\/\/nmo.matf.bg.ac.rs\/en\/wp-json\/wp\/v2\/pages\/2260\/revisions"}],"predecessor-version":[{"id":2425,"href":"https:\/\/nmo.matf.bg.ac.rs\/en\/wp-json\/wp\/v2\/pages\/2260\/revisions\/2425"}],"wp:attachment":[{"href":"https:\/\/nmo.matf.bg.ac.rs\/en\/wp-json\/wp\/v2\/media?parent=2260"}],"wp:term":[{"taxonomy":"post_tag","embeddable":true,"href":"https:\/\/nmo.matf.bg.ac.rs\/en\/wp-json\/wp\/v2\/tags?post=2260"}],"curies":[{"name":"wp","href":"https:\/\/api.w.org\/{rel}","templated":true}]}}